{"id":2111,"date":"2025-01-27T13:19:11","date_gmt":"2025-01-27T21:19:11","guid":{"rendered":"https:\/\/libertyranch.org\/?page_id=2111"},"modified":"2025-06-01T19:00:09","modified_gmt":"2025-06-02T02:00:09","slug":"locations","status":"publish","type":"page","link":"https:\/\/libertyranch.org\/es\/locations\/","title":{"rendered":"Ubicaciones"},"content":{"rendered":"<div data-elementor-type=\"wp-page\" data-elementor-id=\"2111\" class=\"elementor elementor-2111\" data-elementor-post-type=\"page\">\n\t\t\t\t<div class=\"elementor-element elementor-element-a0a9132 e-flex e-con-boxed e-con e-parent\" data-id=\"a0a9132\" data-element_type=\"container\" data-e-type=\"container\">\n\t\t\t\t\t<div class=\"e-con-inner\">\n\t\t<div class=\"elementor-element elementor-element-fc34ae7 e-con-full e-flex e-con e-child\" data-id=\"fc34ae7\" data-element_type=\"container\" data-e-type=\"container\" data-settings=\"{&quot;background_background&quot;:&quot;classic&quot;}\">\n\t\t<div class=\"elementor-element elementor-element-80710db e-con-full e-flex e-con e-child\" data-id=\"80710db\" data-element_type=\"container\" data-e-type=\"container\">\n\t\t<div class=\"elementor-element elementor-element-6c5dd9f e-con-full e-grid e-con e-child\" data-id=\"6c5dd9f\" data-element_type=\"container\" data-e-type=\"container\">\n\t\t\t\t<div class=\"elementor-element elementor-element-8c4d520 imagehover elementor-widget elementor-widget-icon-box\" data-id=\"8c4d520\" data-element_type=\"widget\" data-e-type=\"widget\" data-widget_type=\"icon-box.default\">\n\t\t\t\t\t\t\t<div class=\"elementor-icon-box-wrapper\">\n\n\t\t\t\n\t\t\t\t\t\t<div class=\"elementor-icon-box-content\">\n\n\t\t\t\t\t\t\t\t\t<h5 class=\"elementor-icon-box-title\">\n\t\t\t\t\t\t<span  >\n\t\t\t\t\t\t\tPrograma de Restauraci\u00f3n de Hombres\t\t\t\t\t\t<\/span>\n\t\t\t\t\t<\/h5>\n\t\t\t\t\n\t\t\t\t\t\t\t\t\t<p class=\"elementor-icon-box-description\">\n\t\t\t\t\t\tThe Men\u2019s Restoration Program at La Misi\u00f3n provides a safe environment for spiritual growth, sobriety, and life skills development through daily biblical study, counseling, and practical workshops.\t\t\t\t\t<\/p>\n\t\t\t\t\n\t\t\t<\/div>\n\t\t\t\n\t\t<\/div>\n\t\t\t\t\t\t<\/div>\n\t\t\t\t<div class=\"elementor-element elementor-element-f4ea4c2 imagehover elementor-widget elementor-widget-icon-box\" data-id=\"f4ea4c2\" data-element_type=\"widget\" data-e-type=\"widget\" data-widget_type=\"icon-box.default\">\n\t\t\t\t\t\t\t<div class=\"elementor-icon-box-wrapper\">\n\n\t\t\t\n\t\t\t\t\t\t<div class=\"elementor-icon-box-content\">\n\n\t\t\t\t\t\t\t\t\t<h5 class=\"elementor-icon-box-title\">\n\t\t\t\t\t\t<span  >\n\t\t\t\t\t\t\tFuerza Laboral\t\t\t\t\t\t<\/span>\n\t\t\t\t\t<\/h5>\n\t\t\t\t\n\t\t\t\t\t\t\t\t\t<p class=\"elementor-icon-box-description\">\n\t\t\t\t\t\tLos trabajadores de Hemet ofrecen servicios de construcci\u00f3n, jardiner\u00eda y mantenimiento. Los ingresos apoyan nuestro ministerio, mientras que los participantes adquieren experiencia laboral pr\u00e1ctica en diversos oficios cualificados.\t\t\t\t\t<\/p>\n\t\t\t\t\n\t\t\t<\/div>\n\t\t\t\n\t\t<\/div>\n\t\t\t\t\t\t<\/div>\n\t\t\t\t<\/div>\n\t\t\t\t<div class=\"elementor-element elementor-element-2bcf09d elementor-widget elementor-widget-google_maps\" data-id=\"2bcf09d\" data-element_type=\"widget\" data-e-type=\"widget\" data-widget_type=\"google_maps.default\">\n\t\t\t\t\t\t\t<div class=\"elementor-custom-embed\">\n\t\t\t<iframe loading=\"lazy\"\n\t\t\t\t\tsrc=\"https:\/\/maps.google.com\/maps?q=45720%20Florida%20Ave%2C%20Hemet%2C%20CA%2092544%2C%20USA&#038;t=m&#038;z=10&#038;output=embed&#038;iwloc=near\"\n\t\t\t\t\ttitle=\"45720 Florida Ave, Hemet, CA 92544, USA\"\n\t\t\t\t\taria-label=\"45720 Florida Ave, Hemet, CA 92544, USA\"\n\t\t\t><\/iframe>\n\t\t<\/div>\n\t\t\t\t\t\t<\/div>\n\t\t\t\t<\/div>\n\t\t<div class=\"elementor-element elementor-element-6068dc7 e-con-full e-flex e-con e-child\" data-id=\"6068dc7\" data-element_type=\"container\" data-e-type=\"container\" data-settings=\"{&quot;background_background&quot;:&quot;classic&quot;}\">\n\t\t\t\t<div class=\"elementor-element elementor-element-9353c3d elementor-widget elementor-widget-menu-anchor\" data-id=\"9353c3d\" data-element_type=\"widget\" data-e-type=\"widget\" data-widget_type=\"menu-anchor.default\">\n\t\t\t\t\t\t\t<div class=\"elementor-menu-anchor\" id=\"hemet\"><\/div>\n\t\t\t\t\t\t<\/div>\n\t\t\t\t<div class=\"elementor-element elementor-element-dd3c054 elementor-widget elementor-widget-heading\" data-id=\"dd3c054\" data-element_type=\"widget\" data-e-type=\"widget\" data-widget_type=\"heading.default\">\n\t\t\t\t\t<h2 class=\"elementor-heading-title elementor-size-default\">Hemet, California<\/h2>\t\t\t\t<\/div>\n\t\t\t\t<\/div>\n\t\t\t\t<\/div>\n\t\t\t\t\t<\/div>\n\t\t\t\t<\/div>\n\t\t<div class=\"elementor-element elementor-element-b752781 e-flex e-con-boxed e-con e-parent\" data-id=\"b752781\" data-element_type=\"container\" data-e-type=\"container\">\n\t\t\t\t\t<div class=\"e-con-inner\">\n\t\t<div class=\"elementor-element elementor-element-a9865b2 e-con-full e-flex e-con e-child\" data-id=\"a9865b2\" data-element_type=\"container\" data-e-type=\"container\" data-settings=\"{&quot;background_background&quot;:&quot;classic&quot;}\">\n\t\t<div class=\"elementor-element elementor-element-be4f6b6 e-con-full e-flex e-con e-child\" data-id=\"be4f6b6\" data-element_type=\"container\" data-e-type=\"container\" data-settings=\"{&quot;background_background&quot;:&quot;classic&quot;}\">\n\t\t\t\t<div class=\"elementor-element elementor-element-34277b7 elementor-widget elementor-widget-menu-anchor\" data-id=\"34277b7\" data-element_type=\"widget\" data-e-type=\"widget\" data-widget_type=\"menu-anchor.default\">\n\t\t\t\t\t\t\t<div class=\"elementor-menu-anchor\" id=\"todos-santos\"><\/div>\n\t\t\t\t\t\t<\/div>\n\t\t\t\t<div class=\"elementor-element elementor-element-74178e1 elementor-widget elementor-widget-heading\" data-id=\"74178e1\" data-element_type=\"widget\" data-e-type=\"widget\" data-widget_type=\"heading.default\">\n\t\t\t\t\t<h2 class=\"elementor-heading-title elementor-size-default\">Todos Santos, Baja California<\/h2>\t\t\t\t<\/div>\n\t\t\t\t<\/div>\n\t\t<div class=\"elementor-element elementor-element-c5afefb e-con-full e-flex e-con e-child\" data-id=\"c5afefb\" data-element_type=\"container\" data-e-type=\"container\">\n\t\t<div class=\"elementor-element elementor-element-ed81217 e-con-full e-grid e-con e-child\" data-id=\"ed81217\" data-element_type=\"container\" data-e-type=\"container\">\n\t\t\t\t<div class=\"elementor-element elementor-element-abbf495 imagehover elementor-widget elementor-widget-icon-box\" data-id=\"abbf495\" data-element_type=\"widget\" data-e-type=\"widget\" data-widget_type=\"icon-box.default\">\n\t\t\t\t\t\t\t<div class=\"elementor-icon-box-wrapper\">\n\n\t\t\t\n\t\t\t\t\t\t<div class=\"elementor-icon-box-content\">\n\n\t\t\t\t\t\t\t\t\t<h5 class=\"elementor-icon-box-title\">\n\t\t\t\t\t\t<span  >\n\t\t\t\t\t\t\tIglesia\t\t\t\t\t\t<\/span>\n\t\t\t\t\t<\/h5>\n\t\t\t\t\n\t\t\t\t\t\t\t\t\t<p class=\"elementor-icon-box-description\">\n\t\t\t\t\t\tFundado en 2018, nuestro campus de Todos Santos incluye un programa de restauraci\u00f3n para hombres y una iglesia. Las asociaciones con 412 Church San Jacinto y otros colaboradores han ayudado a que este ministerio prospere.\n\t\t\t\t\t<\/p>\n\t\t\t\t\n\t\t\t<\/div>\n\t\t\t\n\t\t<\/div>\n\t\t\t\t\t\t<\/div>\n\t\t\t\t<div class=\"elementor-element elementor-element-7138ee6 imagehover elementor-widget elementor-widget-icon-box\" data-id=\"7138ee6\" data-element_type=\"widget\" data-e-type=\"widget\" data-widget_type=\"icon-box.default\">\n\t\t\t\t\t\t\t<div class=\"elementor-icon-box-wrapper\">\n\n\t\t\t\n\t\t\t\t\t\t<div class=\"elementor-icon-box-content\">\n\n\t\t\t\t\t\t\t\t\t<h5 class=\"elementor-icon-box-title\">\n\t\t\t\t\t\t<span  >\n\t\t\t\t\t\t\t<a href=\"https:\/\/libertyranch.org\/es\/contact-us\/\" class=\"elementor-inline-editing pen\" data-elementor-setting-key=\"title_text\" data-elementor-inline-editing-toolbar=\"none\" data-pen-placeholder=\"Type Here...\">Programa de Restauraci\u00f3n de Hombres<\/a>\t\t\t\t\t\t<\/span>\n\t\t\t\t\t<\/h5>\n\t\t\t\t\n\t\t\t\t\t\t\t\t\t<p class=\"elementor-icon-box-description\">\n\t\t\t\t\t\tNuestro Programa de Restauraci\u00f3n para Hombres en todos los campus ofrece recuperaci\u00f3n centrada en el crecimiento espiritual, la sobriedad y el desarrollo de habilidades para la vida a trav\u00e9s del estudio b\u00edblico diario, asesoramiento y talleres pr\u00e1cticos.\t\t\t\t\t<\/p>\n\t\t\t\t\n\t\t\t<\/div>\n\t\t\t\n\t\t<\/div>\n\t\t\t\t\t\t<\/div>\n\t\t\t\t<\/div>\n\t\t\t\t<div class=\"elementor-element elementor-element-2433ada elementor-widget elementor-widget-google_maps\" data-id=\"2433ada\" data-element_type=\"widget\" data-e-type=\"widget\" data-widget_type=\"google_maps.default\">\n\t\t\t\t\t\t\t<div class=\"elementor-custom-embed\">\n\t\t\t<iframe loading=\"lazy\"\n\t\t\t\t\tsrc=\"https:\/\/maps.google.com\/maps?q=La%20Paz%20518n%2C%20Centro%2C%20%2023300%2C%20Todos%20Santos%2C%20Baja%20California%20Sur%2C%20MX&#038;t=m&#038;z=10&#038;output=embed&#038;iwloc=near\"\n\t\t\t\t\ttitle=\"La Paz 518n, Centro,  23300, Todos Santos, Baja California Sur, MX\"\n\t\t\t\t\taria-label=\"La Paz 518n, Centro,  23300, Todos Santos, Baja California Sur, MX\"\n\t\t\t><\/iframe>\n\t\t<\/div>\n\t\t\t\t\t\t<\/div>\n\t\t\t\t<\/div>\n\t\t\t\t<\/div>\n\t\t\t\t\t<\/div>\n\t\t\t\t<\/div>\n\t\t<div class=\"elementor-element elementor-element-8df57d0 e-flex e-con-boxed e-con e-parent\" data-id=\"8df57d0\" data-element_type=\"container\" data-e-type=\"container\">\n\t\t\t\t\t<div class=\"e-con-inner\">\n\t\t<div class=\"elementor-element elementor-element-413643b e-con-full e-flex e-con e-child\" data-id=\"413643b\" data-element_type=\"container\" data-e-type=\"container\" data-settings=\"{&quot;background_background&quot;:&quot;classic&quot;}\">\n\t\t<div class=\"elementor-element elementor-element-e183fa5 e-con-full e-flex e-con e-child\" data-id=\"e183fa5\" data-element_type=\"container\" data-e-type=\"container\" data-settings=\"{&quot;background_background&quot;:&quot;classic&quot;}\">\n\t\t\t\t<div class=\"elementor-element elementor-element-2fca8ba elementor-widget elementor-widget-menu-anchor\" data-id=\"2fca8ba\" data-element_type=\"widget\" data-e-type=\"widget\" data-widget_type=\"menu-anchor.default\">\n\t\t\t\t\t\t\t<div class=\"elementor-menu-anchor\" id=\"la-mision\"><\/div>\n\t\t\t\t\t\t<\/div>\n\t\t\t\t<div class=\"elementor-element elementor-element-b4251bf elementor-widget elementor-widget-heading\" data-id=\"b4251bf\" data-element_type=\"widget\" data-e-type=\"widget\" data-widget_type=\"heading.default\">\n\t\t\t\t\t<h2 class=\"elementor-heading-title elementor-size-default\">La Misi\u00f3n,\nBaja California<\/h2>\t\t\t\t<\/div>\n\t\t\t\t<\/div>\n\t\t<div class=\"elementor-element elementor-element-2def120 e-con-full e-grid e-con e-child\" data-id=\"2def120\" data-element_type=\"container\" data-e-type=\"container\">\n\t\t\t\t<div class=\"elementor-element elementor-element-e6e303a imagehover elementor-widget elementor-widget-icon-box\" data-id=\"e6e303a\" data-element_type=\"widget\" data-e-type=\"widget\" data-widget_type=\"icon-box.default\">\n\t\t\t\t\t\t\t<div class=\"elementor-icon-box-wrapper\">\n\n\t\t\t\n\t\t\t\t\t\t<div class=\"elementor-icon-box-content\">\n\n\t\t\t\t\t\t\t\t\t<h5 class=\"elementor-icon-box-title\">\n\t\t\t\t\t\t<span  >\n\t\t\t\t\t\t\tIglesia\t\t\t\t\t\t<\/span>\n\t\t\t\t\t<\/h5>\n\t\t\t\t\n\t\t\t\t\t\t\t\t\t<p class=\"elementor-icon-box-description\">\n\t\t\t\t\t\tCalvary Chapel Liberty Ranch en La Misi\u00f3n ofrece orientaci\u00f3n espiritual y servicios de adoraci\u00f3n a la comunidad, fomentando el crecimiento espiritual y la participaci\u00f3n de la comunidad a trav\u00e9s de actividades regulares de la iglesia y de divulgaci\u00f3n.\n\t\t\t\t\t<\/p>\n\t\t\t\t\n\t\t\t<\/div>\n\t\t\t\n\t\t<\/div>\n\t\t\t\t\t\t<\/div>\n\t\t\t\t<div class=\"elementor-element elementor-element-106c2bb imagehover elementor-widget elementor-widget-icon-box\" data-id=\"106c2bb\" data-element_type=\"widget\" data-e-type=\"widget\" data-widget_type=\"icon-box.default\">\n\t\t\t\t\t\t\t<div class=\"elementor-icon-box-wrapper\">\n\n\t\t\t\n\t\t\t\t\t\t<div class=\"elementor-icon-box-content\">\n\n\t\t\t\t\t\t\t\t\t<h5 class=\"elementor-icon-box-title\">\n\t\t\t\t\t\t<span  >\n\t\t\t\t\t\t\t<a href=\"https:\/\/libertyranch.org\/es\/contact-us\/\" class=\"elementor-inline-editing pen\" data-elementor-setting-key=\"title_text\" data-elementor-inline-editing-toolbar=\"none\" data-pen-placeholder=\"Type Here...\">Programa de Restauraci\u00f3n de Hombres<\/a>\t\t\t\t\t\t<\/span>\n\t\t\t\t\t<\/h5>\n\t\t\t\t\n\t\t\t\t\t\t\t\t\t<p class=\"elementor-icon-box-description\">\n\t\t\t\t\t\tNuestro Programa de Restauraci\u00f3n para Hombres en todos los campus ofrece recuperaci\u00f3n centrada en el crecimiento espiritual, la sobriedad y el desarrollo de habilidades para la vida a trav\u00e9s del estudio b\u00edblico diario, asesoramiento y talleres pr\u00e1cticos.\t\t\t\t\t<\/p>\n\t\t\t\t\n\t\t\t<\/div>\n\t\t\t\n\t\t<\/div>\n\t\t\t\t\t\t<\/div>\n\t\t\t\t<div class=\"elementor-element elementor-element-efb5cc3 imagehover elementor-widget elementor-widget-icon-box\" data-id=\"efb5cc3\" data-element_type=\"widget\" data-e-type=\"widget\" data-widget_type=\"icon-box.default\">\n\t\t\t\t\t\t\t<div class=\"elementor-icon-box-wrapper\">\n\n\t\t\t\n\t\t\t\t\t\t<div class=\"elementor-icon-box-content\">\n\n\t\t\t\t\t\t\t\t\t<h5 class=\"elementor-icon-box-title\">\n\t\t\t\t\t\t<span  >\n\t\t\t\t\t\t\tPrograma de Restauraci\u00f3n de Mujeres\t\t\t\t\t\t<\/span>\n\t\t\t\t\t<\/h5>\n\t\t\t\t\n\t\t\t\t\t\t\t\t\t<p class=\"elementor-icon-box-description\">\n\t\t\t\t\t\t<p>El Programa de Restauraci\u00f3n en La Misi\u00f3n proporciona un ambiente seguro para el crecimiento espiritual, la sobriedad y el desarrollo de habilidades para la vida a trav\u00e9s del estudio b\u00edblico diario, consejer\u00eda y talleres pr\u00e1cticos.<\/p>\t\t\t\t\t<\/p>\n\t\t\t\t\n\t\t\t<\/div>\n\t\t\t\n\t\t<\/div>\n\t\t\t\t\t\t<\/div>\n\t\t\t\t<div class=\"elementor-element elementor-element-0623b5f imagehover elementor-widget elementor-widget-icon-box\" data-id=\"0623b5f\" data-element_type=\"widget\" data-e-type=\"widget\" data-widget_type=\"icon-box.default\">\n\t\t\t\t\t\t\t<div class=\"elementor-icon-box-wrapper\">\n\n\t\t\t\n\t\t\t\t\t\t<div class=\"elementor-icon-box-content\">\n\n\t\t\t\t\t\t\t\t\t<h5 class=\"elementor-icon-box-title\">\n\t\t\t\t\t\t<span  >\n\t\t\t\t\t\t\tJ\u00f3venes de ZONA\t\t\t\t\t\t<\/span>\n\t\t\t\t\t<\/h5>\n\t\t\t\t\n\t\t\t\t\t\t\t\t\t<p class=\"elementor-icon-box-description\">\n\t\t\t\t\t\tZONA ministra a muchos adolescentes semanalmente con clases recreativas gratuitas y comidas los viernes, creando un ambiente seguro y divertido centrado en el discipulado y en compartir el evangelio de Jes\u00fas.\t\t\t\t\t<\/p>\n\t\t\t\t\n\t\t\t<\/div>\n\t\t\t\n\t\t<\/div>\n\t\t\t\t\t\t<\/div>\n\t\t\t\t<div class=\"elementor-element elementor-element-33868bb imagehover elementor-widget elementor-widget-icon-box\" data-id=\"33868bb\" data-element_type=\"widget\" data-e-type=\"widget\" data-widget_type=\"icon-box.default\">\n\t\t\t\t\t\t\t<div class=\"elementor-icon-box-wrapper\">\n\n\t\t\t\n\t\t\t\t\t\t<div class=\"elementor-icon-box-content\">\n\n\t\t\t\t\t\t\t\t\t<h5 class=\"elementor-icon-box-title\">\n\t\t\t\t\t\t<span  >\n\t\t\t\t\t\t\tFuerza Laboral\t\t\t\t\t\t<\/span>\n\t\t\t\t\t<\/h5>\n\t\t\t\t\n\t\t\t\t\t\t\t\t\t<p class=\"elementor-icon-box-description\">\n\t\t\t\t\t\tLos trabajadores de La Misi\u00f3n prestan servicios de construcci\u00f3n y mantenimiento. Todos los ingresos apoyan nuestro ministerio, ya que ofrecemos a los participantes experiencia laboral pr\u00e1ctica en diversos oficios y habilidades.\t\t\t\t\t<\/p>\n\t\t\t\t\n\t\t\t<\/div>\n\t\t\t\n\t\t<\/div>\n\t\t\t\t\t\t<\/div>\n\t\t\t\t<div class=\"elementor-element elementor-element-7944389 elementor-widget elementor-widget-google_maps\" data-id=\"7944389\" data-element_type=\"widget\" data-e-type=\"widget\" data-widget_type=\"google_maps.default\">\n\t\t\t\t\t\t\t<div class=\"elementor-custom-embed\">\n\t\t\t<iframe loading=\"lazy\"\n\t\t\t\t\tsrc=\"https:\/\/maps.google.com\/maps?q=Calle%20Las%20Rocas%20567E%2C%2022765%2C%20La%20Mision%2C%20Baja%20California%2C%20MX&#038;t=m&#038;z=10&#038;output=embed&#038;iwloc=near\"\n\t\t\t\t\ttitle=\"Calle Las Rocas 567E, 22765, La Mision, Baja California, MX\"\n\t\t\t\t\taria-label=\"Calle Las Rocas 567E, 22765, La Mision, Baja California, MX\"\n\t\t\t><\/iframe>\n\t\t<\/div>\n\t\t\t\t\t\t<\/div>\n\t\t\t\t<\/div>\n\t\t\t\t<\/div>\n\t\t\t\t\t<\/div>\n\t\t\t\t<\/div>\n\t\t\t\t<\/div>","protected":false},"excerpt":{"rendered":"<p>Men\u2019s Restoration Program The Men\u2019s Restoration Program at La Misi\u00f3n provides a safe environment for spiritual growth, sobriety, and life skills development through daily biblical study, counseling, and practical workshops. Labor Force The Hemet labor force offers construction, landscaping, and maintenance services. Proceeds support our ministry, while participants gain practical work experience in a variety [&hellip;]<\/p>\n","protected":false},"author":1,"featured_media":970,"parent":0,"menu_order":0,"comment_status":"closed","ping_status":"closed","template":"elementor_header_footer","meta":{"footnotes":""},"class_list":["post-2111","page","type-page","status-publish","has-post-thumbnail","hentry"],"yoast_head":"<!-- This site is optimized with the Yoast SEO plugin v27.4 - https:\/\/yoast.com\/product\/yoast-seo-wordpress\/ -->\n<title>Liberty Ranch Locations \u2013 Hemet, La Misi\u00f3n &amp; Todos Santos<\/title>\n<meta name=\"description\" content=\"Explore Liberty Ranch locations in Hemet, La Misi\u00f3n, and Todos Santos\u2014with faith-based recovery programs, church services, and labor force opportunities.\" \/>\n<meta name=\"robots\" content=\"index, follow, max-snippet:-1, max-image-preview:large, max-video-preview:-1\" \/>\n<link rel=\"canonical\" href=\"https:\/\/libertyranch.org\/es\/locations\/\" \/>\n<meta property=\"og:locale\" content=\"es_MX\" \/>\n<meta property=\"og:type\" content=\"article\" \/>\n<meta property=\"og:title\" content=\"Liberty Ranch Locations | Hemet, La Misi\u00f3n &amp; Todos Santos\" \/>\n<meta property=\"og:description\" content=\"Explore Liberty Ranch locations in Hemet, La Misi\u00f3n, and Todos Santos\u2014with faith-based recovery programs, church services, and labor force opportunities.\" \/>\n<meta property=\"og:url\" content=\"https:\/\/libertyranch.org\/es\/locations\/\" \/>\n<meta property=\"og:site_name\" content=\"Liberty Ranch\" \/>\n<meta property=\"article:modified_time\" content=\"2025-06-02T02:00:09+00:00\" \/>\n<meta property=\"og:image\" content=\"https:\/\/libertyranch.org\/wp-content\/uploads\/2024\/07\/Group-35.png\" \/>\n\t<meta property=\"og:image:width\" content=\"1920\" \/>\n\t<meta property=\"og:image:height\" content=\"932\" \/>\n\t<meta property=\"og:image:type\" content=\"image\/png\" \/>\n<meta name=\"twitter:card\" content=\"summary_large_image\" \/>\n<meta name=\"twitter:label1\" content=\"Tiempo de lectura\" \/>\n\t<meta name=\"twitter:data1\" content=\"1 minuto\" \/>\n<script type=\"application\/ld+json\" class=\"yoast-schema-graph\">{\"@context\":\"https:\\\/\\\/schema.org\",\"@graph\":[{\"@type\":\"WebPage\",\"@id\":\"https:\\\/\\\/libertyranch.org\\\/locations\\\/\",\"url\":\"https:\\\/\\\/libertyranch.org\\\/locations\\\/\",\"name\":\"Liberty Ranch Locations \u2013 Hemet, La Misi\u00f3n & Todos Santos\",\"isPartOf\":{\"@id\":\"https:\\\/\\\/libertyranch.org\\\/#website\"},\"primaryImageOfPage\":{\"@id\":\"https:\\\/\\\/libertyranch.org\\\/locations\\\/#primaryimage\"},\"image\":{\"@id\":\"https:\\\/\\\/libertyranch.org\\\/locations\\\/#primaryimage\"},\"thumbnailUrl\":\"https:\\\/\\\/libertyranch.org\\\/wp-content\\\/uploads\\\/2024\\\/07\\\/Group-35.png\",\"datePublished\":\"2025-01-27T21:19:11+00:00\",\"dateModified\":\"2025-06-02T02:00:09+00:00\",\"description\":\"Explore Liberty Ranch locations in Hemet, La Misi\u00f3n, and Todos Santos\u2014with faith-based recovery programs, church services, and labor force opportunities.\",\"breadcrumb\":{\"@id\":\"https:\\\/\\\/libertyranch.org\\\/locations\\\/#breadcrumb\"},\"inLanguage\":\"es\",\"potentialAction\":[{\"@type\":\"ReadAction\",\"target\":[\"https:\\\/\\\/libertyranch.org\\\/locations\\\/\"]}]},{\"@type\":\"ImageObject\",\"inLanguage\":\"es\",\"@id\":\"https:\\\/\\\/libertyranch.org\\\/locations\\\/#primaryimage\",\"url\":\"https:\\\/\\\/libertyranch.org\\\/wp-content\\\/uploads\\\/2024\\\/07\\\/Group-35.png\",\"contentUrl\":\"https:\\\/\\\/libertyranch.org\\\/wp-content\\\/uploads\\\/2024\\\/07\\\/Group-35.png\",\"width\":1920,\"height\":932},{\"@type\":\"BreadcrumbList\",\"@id\":\"https:\\\/\\\/libertyranch.org\\\/locations\\\/#breadcrumb\",\"itemListElement\":[{\"@type\":\"ListItem\",\"position\":1,\"name\":\"Home\",\"item\":\"https:\\\/\\\/libertyranch.org\\\/\"},{\"@type\":\"ListItem\",\"position\":2,\"name\":\"Locations\"}]},{\"@type\":\"WebSite\",\"@id\":\"https:\\\/\\\/libertyranch.org\\\/#website\",\"url\":\"https:\\\/\\\/libertyranch.org\\\/\",\"name\":\"Liberty Ranch\",\"description\":\"Restoration Ministries\",\"publisher\":{\"@id\":\"https:\\\/\\\/libertyranch.org\\\/#organization\"},\"alternateName\":\"Liberty Ranch Restoration Ministries\",\"potentialAction\":[{\"@type\":\"SearchAction\",\"target\":{\"@type\":\"EntryPoint\",\"urlTemplate\":\"https:\\\/\\\/libertyranch.org\\\/?s={search_term_string}\"},\"query-input\":{\"@type\":\"PropertyValueSpecification\",\"valueRequired\":true,\"valueName\":\"search_term_string\"}}],\"inLanguage\":\"es\"},{\"@type\":\"Organization\",\"@id\":\"https:\\\/\\\/libertyranch.org\\\/#organization\",\"name\":\"Liberty Ranch\",\"url\":\"https:\\\/\\\/libertyranch.org\\\/\",\"logo\":{\"@type\":\"ImageObject\",\"inLanguage\":\"es\",\"@id\":\"https:\\\/\\\/libertyranch.org\\\/#\\\/schema\\\/logo\\\/image\\\/\",\"url\":\"https:\\\/\\\/libertyranch.org\\\/wp-content\\\/uploads\\\/2022\\\/03\\\/liberty-color-75-.png\",\"contentUrl\":\"https:\\\/\\\/libertyranch.org\\\/wp-content\\\/uploads\\\/2022\\\/03\\\/liberty-color-75-.png\",\"width\":158,\"height\":75,\"caption\":\"Liberty Ranch\"},\"image\":{\"@id\":\"https:\\\/\\\/libertyranch.org\\\/#\\\/schema\\\/logo\\\/image\\\/\"}}]}<\/script>\n<!-- \/ Yoast SEO plugin. -->","yoast_head_json":{"title":"Liberty Ranch Locations \u2013 Hemet, La Misi\u00f3n & Todos Santos","description":"Explore Liberty Ranch locations in Hemet, La Misi\u00f3n, and Todos Santos\u2014with faith-based recovery programs, church services, and labor force opportunities.","robots":{"index":"index","follow":"follow","max-snippet":"max-snippet:-1","max-image-preview":"max-image-preview:large","max-video-preview":"max-video-preview:-1"},"canonical":"https:\/\/libertyranch.org\/es\/locations\/","og_locale":"es_MX","og_type":"article","og_title":"Liberty Ranch Locations | Hemet, La Misi\u00f3n & Todos Santos","og_description":"Explore Liberty Ranch locations in Hemet, La Misi\u00f3n, and Todos Santos\u2014with faith-based recovery programs, church services, and labor force opportunities.","og_url":"https:\/\/libertyranch.org\/es\/locations\/","og_site_name":"Liberty Ranch","article_modified_time":"2025-06-02T02:00:09+00:00","og_image":[{"width":1920,"height":932,"url":"https:\/\/libertyranch.org\/wp-content\/uploads\/2024\/07\/Group-35.png","type":"image\/png"}],"twitter_card":"summary_large_image","twitter_misc":{"Tiempo de lectura":"1 minuto"},"schema":{"@context":"https:\/\/schema.org","@graph":[{"@type":"WebPage","@id":"https:\/\/libertyranch.org\/locations\/","url":"https:\/\/libertyranch.org\/locations\/","name":"Liberty Ranch Locations \u2013 Hemet, La Misi\u00f3n & Todos Santos","isPartOf":{"@id":"https:\/\/libertyranch.org\/#website"},"primaryImageOfPage":{"@id":"https:\/\/libertyranch.org\/locations\/#primaryimage"},"image":{"@id":"https:\/\/libertyranch.org\/locations\/#primaryimage"},"thumbnailUrl":"https:\/\/libertyranch.org\/wp-content\/uploads\/2024\/07\/Group-35.png","datePublished":"2025-01-27T21:19:11+00:00","dateModified":"2025-06-02T02:00:09+00:00","description":"Explore Liberty Ranch locations in Hemet, La Misi\u00f3n, and Todos Santos\u2014with faith-based recovery programs, church services, and labor force opportunities.","breadcrumb":{"@id":"https:\/\/libertyranch.org\/locations\/#breadcrumb"},"inLanguage":"es","potentialAction":[{"@type":"ReadAction","target":["https:\/\/libertyranch.org\/locations\/"]}]},{"@type":"ImageObject","inLanguage":"es","@id":"https:\/\/libertyranch.org\/locations\/#primaryimage","url":"https:\/\/libertyranch.org\/wp-content\/uploads\/2024\/07\/Group-35.png","contentUrl":"https:\/\/libertyranch.org\/wp-content\/uploads\/2024\/07\/Group-35.png","width":1920,"height":932},{"@type":"BreadcrumbList","@id":"https:\/\/libertyranch.org\/locations\/#breadcrumb","itemListElement":[{"@type":"ListItem","position":1,"name":"Home","item":"https:\/\/libertyranch.org\/"},{"@type":"ListItem","position":2,"name":"Locations"}]},{"@type":"WebSite","@id":"https:\/\/libertyranch.org\/#website","url":"https:\/\/libertyranch.org\/","name":"Liberty Ranch","description":"Restoration Ministries","publisher":{"@id":"https:\/\/libertyranch.org\/#organization"},"alternateName":"Liberty Ranch Restoration Ministries","potentialAction":[{"@type":"SearchAction","target":{"@type":"EntryPoint","urlTemplate":"https:\/\/libertyranch.org\/?s={search_term_string}"},"query-input":{"@type":"PropertyValueSpecification","valueRequired":true,"valueName":"search_term_string"}}],"inLanguage":"es"},{"@type":"Organization","@id":"https:\/\/libertyranch.org\/#organization","name":"Liberty Ranch","url":"https:\/\/libertyranch.org\/","logo":{"@type":"ImageObject","inLanguage":"es","@id":"https:\/\/libertyranch.org\/#\/schema\/logo\/image\/","url":"https:\/\/libertyranch.org\/wp-content\/uploads\/2022\/03\/liberty-color-75-.png","contentUrl":"https:\/\/libertyranch.org\/wp-content\/uploads\/2022\/03\/liberty-color-75-.png","width":158,"height":75,"caption":"Liberty Ranch"},"image":{"@id":"https:\/\/libertyranch.org\/#\/schema\/logo\/image\/"}}]}},"_links":{"self":[{"href":"https:\/\/libertyranch.org\/es\/wp-json\/wp\/v2\/pages\/2111","targetHints":{"allow":["GET"]}}],"collection":[{"href":"https:\/\/libertyranch.org\/es\/wp-json\/wp\/v2\/pages"}],"about":[{"href":"https:\/\/libertyranch.org\/es\/wp-json\/wp\/v2\/types\/page"}],"author":[{"embeddable":true,"href":"https:\/\/libertyranch.org\/es\/wp-json\/wp\/v2\/users\/1"}],"replies":[{"embeddable":true,"href":"https:\/\/libertyranch.org\/es\/wp-json\/wp\/v2\/comments?post=2111"}],"version-history":[{"count":24,"href":"https:\/\/libertyranch.org\/es\/wp-json\/wp\/v2\/pages\/2111\/revisions"}],"predecessor-version":[{"id":2440,"href":"https:\/\/libertyranch.org\/es\/wp-json\/wp\/v2\/pages\/2111\/revisions\/2440"}],"wp:featuredmedia":[{"embeddable":true,"href":"https:\/\/libertyranch.org\/es\/wp-json\/wp\/v2\/media\/970"}],"wp:attachment":[{"href":"https:\/\/libertyranch.org\/es\/wp-json\/wp\/v2\/media?parent=2111"}],"curies":[{"name":"wp","href":"https:\/\/api.w.org\/{rel}","templated":true}]}}